{"id":73,"date":"2021-12-08T00:46:12","date_gmt":"2021-12-08T00:46:12","guid":{"rendered":"http:\/\/www.paroissechibougamau.ca\/?page_id=73"},"modified":"2025-01-12T14:37:28","modified_gmt":"2025-01-12T14:37:28","slug":"home","status":"publish","type":"page","link":"https:\/\/www.paroissechibougamau.ca\/","title":{"rendered":"Accueil"},"content":{"rendered":"\n\n\n\n\u00e9glise reine-du-rosaire&nbsp; &nbsp; &nbsp; &nbsp; &nbsp; &nbsp; &nbsp; &nbsp; &nbsp; &nbsp;\n\n\n\n\n\n\n\n\n\n\n\n\n\n\n\n\n\n\n<p style=\"text-align: center;\">T\u00e9l\u00e9phone : (418) 748-2222<\/p><p style=\"text-align: center;\">T\u00e9l\u00e9copie : (418) 748-4246<\/p><p style=\"text-align: center;\">Courriel :<\/p><p style=\"text-align: center;\"><a href=\"paroissedechibougamau@gmail.com <paroissedechibougamau@gmail.com>;\u00a0\u00bb>paroissedechibougamau@gmail.com<\/a><\/p>\n\n\n<p>Lundi au jeudi de 9h \u00e0 12h et 13h \u00e0 16h<\/p><p>Vendredi de 9h \u00e0 12h<\/p><p>200 des Oblats, Chibougamau, G8P 1G8<\/p>\n\n\n\n\n\n\n\n\n\n\n\n\n\n\n\nAssembl\u00e9e de fabrique\n\n\nConseil des marguillers\n\n<p>Jean Dub\u00e9, pr\u00eatre<\/p><p>Guillaume Th\u00e9rrien, pr\u00e9sident d&rsquo;assembl\u00e9e<\/p><p>Jean-Marc Vincent, vice-pr\u00e9sident<\/p><p><strong>Charles-Eug\u00e8ne Lavoie<\/strong>, marguillier<\/p><p><strong>Georgine Gaudreault<\/strong>, marguilli\u00e8re<\/p><p><strong>Kathy Bouchard<\/strong>, secr\u00e9taire<\/p><p>Joline Malenfant, marguillier<\/p><p>Serge Salou, marguilli\u00e8re<\/p>\n\n\n\n\n\n","protected":false},"excerpt":{"rendered":"","protected":false},"author":1,"featured_media":0,"parent":0,"menu_order":0,"comment_status":"closed","ping_status":"closed","template":"","meta":{"pagelayer_contact_templates":[],"_pagelayer_content":"","footnotes":""},"class_list":["post-73","page","type-page","status-publish","hentry"],"_links":{"self":[{"href":"https:\/\/www.paroissechibougamau.ca\/index.php?rest_route=\/wp\/v2\/pages\/73","targetHints":{"allow":["GET"]}}],"collection":[{"href":"https:\/\/www.paroissechibougamau.ca\/index.php?rest_route=\/wp\/v2\/pages"}],"about":[{"href":"https:\/\/www.paroissechibougamau.ca\/index.php?rest_route=\/wp\/v2\/types\/page"}],"author":[{"embeddable":true,"href":"https:\/\/www.paroissechibougamau.ca\/index.php?rest_route=\/wp\/v2\/users\/1"}],"replies":[{"embeddable":true,"href":"https:\/\/www.paroissechibougamau.ca\/index.php?rest_route=%2Fwp%2Fv2%2Fcomments&post=73"}],"version-history":[{"count":36,"href":"https:\/\/www.paroissechibougamau.ca\/index.php?rest_route=\/wp\/v2\/pages\/73\/revisions"}],"predecessor-version":[{"id":316,"href":"https:\/\/www.paroissechibougamau.ca\/index.php?rest_route=\/wp\/v2\/pages\/73\/revisions\/316"}],"wp:attachment":[{"href":"https:\/\/www.paroissechibougamau.ca\/index.php?rest_route=%2Fwp%2Fv2%2Fmedia&parent=73"}],"curies":[{"name":"wp","href":"https:\/\/api.w.org\/{rel}","templated":true}]}}